{"id":1470,"date":"2026-04-30T03:16:49","date_gmt":"2026-04-30T03:16:49","guid":{"rendered":"https:\/\/eze-shuttle.com\/?page_id=1470"},"modified":"2026-05-14T00:40:01","modified_gmt":"2026-05-14T00:40:01","slug":"%e7%94%b5%e5%8a%a8%e6%a2%85%e5%93%88%e9%87%8c","status":"publish","type":"page","link":"https:\/\/eze-shuttle.com\/zh\/mehari-electrique\/","title":{"rendered":"\u57c3\u6cfd\u5168\u666f\u4e4b\u65c5\u53ca\u62cd\u7167\u70b9"},"content":{"rendered":"<div data-elementor-type=\"wp-page\" data-elementor-id=\"1470\" class=\"elementor elementor-1470\" data-elementor-post-type=\"page\">\n\t\t\t\t\t\t<section class=\"elementor-section elementor-top-section elementor-element elementor-element-3cf90383 elementor-section-boxed elementor-section-height-default elementor-section-height-default\" data-id=\"3cf90383\" data-element_type=\"section\" data-e-type=\"section\" data-settings=\"{&quot;background_background&quot;:&quot;classic&quot;,&quot;shape_divider_bottom&quot;:&quot;triangle&quot;,&quot;shape_divider_bottom_negative&quot;:&quot;yes&quot;}\">\n\t\t\t\t\t\t\t<div class=\"elementor-background-overlay\"><\/div>\n\t\t\t\t\t\t<div class=\"elementor-shape elementor-shape-bottom\" aria-hidden=\"true\" data-negative=\"true\">\n\t\t\t<svg xmlns=\"http:\/\/www.w3.org\/2000\/svg\" viewbox=\"0 0 1000 100\" preserveaspectratio=\"none\">\n\t<path class=\"elementor-shape-fill\" d=\"M500.2,94.7L0,0v100h1000V0L500.2,94.7z\"\/>\n<\/svg>\t\t<\/div>\n\t\t\t\t\t<div class=\"elementor-container elementor-column-gap-no\">\n\t\t\t\t\t<div class=\"elementor-column elementor-col-100 elementor-top-column elementor-element elementor-element-18fb1df1\" data-id=\"18fb1df1\" data-element_type=\"column\" data-e-type=\"column\">\n\t\t\t<div class=\"elementor-widget-wrap elementor-element-populated\">\n\t\t\t\t\t\t<div class=\"elementor-element elementor-element-fca4430 elementor-icon-list--layout-inline elementor-align-center elementor-widget__width-auto elementor-list-item-link-full_width elementor-widget elementor-widget-icon-list\" data-id=\"fca4430\" data-element_type=\"widget\" data-e-type=\"widget\" data-widget_type=\"icon-list.default\">\n\t\t\t\t<div class=\"elementor-widget-container\">\n\t\t\t\t\t\t\t<ul class=\"elementor-icon-list-items elementor-inline-items\">\n\t\t\t\t\t\t\t<li class=\"elementor-icon-list-item elementor-inline-item\">\n\t\t\t\t\t\t\t\t\t\t\t<a href=\"https:\/\/eze-shuttle.com\/zh\/\">\n\n\t\t\t\t\t\t\t\t\t\t\t<span class=\"elementor-icon-list-text\">\u6b22\u8fce<\/span>\n\t\t\t\t\t\t\t\t\t\t\t<\/a>\n\t\t\t\t\t\t\t\t\t<\/li>\n\t\t\t\t\t\t\t\t<li class=\"elementor-icon-list-item elementor-inline-item\">\n\t\t\t\t\t\t\t\t\t\t\t<a href=\"#\">\n\n\t\t\t\t\t\t\t\t\t\t\t\t<span class=\"elementor-icon-list-icon\">\n\t\t\t\t\t\t\t<svg aria-hidden=\"true\" class=\"e-font-icon-svg e-fas-angle-right\" viewbox=\"0 0 256 512\" xmlns=\"http:\/\/www.w3.org\/2000\/svg\"><path d=\"M224.3 273l-136 136c-9.4 9.4-24.6 9.4-33.9 0l-22.6-22.6c-9.4-9.4-9.4-24.6 0-33.9l96.4-96.4-96.4-96.4c-9.4-9.4-9.4-24.6 0-33.9L54.3 103c9.4-9.4 24.6-9.4 33.9 0l136 136c9.5 9.4 9.5 24.6.1 34z\"><\/path><\/svg>\t\t\t\t\t\t<\/span>\n\t\t\t\t\t\t\t\t\t\t<span class=\"elementor-icon-list-text\"><\/span>\n\t\t\t\t\t\t\t\t\t\t\t<\/a>\n\t\t\t\t\t\t\t\t\t<\/li>\n\t\t\t\t\t\t<\/ul>\n\t\t\t\t\t\t<\/div>\n\t\t\t\t<\/div>\n\t\t\t\t<div class=\"elementor-element elementor-element-685ee83f elementor-widget elementor-widget-text-editor\" data-id=\"685ee83f\" data-element_type=\"widget\" data-e-type=\"widget\" data-widget_type=\"text-editor.default\">\n\t\t\t\t<div class=\"elementor-widget-container\">\n\t\t\t\t\t\t\t\t\t<p><strong>\u6bcf\u4eba\u6bcf\u6b21\u884c\u7a0b 6 \u6b27\u5143<\/strong><\/p>\t\t\t\t\t\t\t\t<\/div>\n\t\t\t\t<\/div>\n\t\t\t\t\t<\/div>\n\t\t<\/div>\n\t\t\t\t\t<\/div>\n\t\t<\/section>\n\t\t\t\t<section class=\"elementor-section elementor-top-section elementor-element elementor-element-1100fc7c elementor-section-boxed elementor-section-height-default elementor-section-height-default\" data-id=\"1100fc7c\" data-element_type=\"section\" data-e-type=\"section\">\n\t\t\t\t\t\t<div class=\"elementor-container elementor-column-gap-no\">\n\t\t\t\t\t<div class=\"elementor-column elementor-col-50 elementor-top-column elementor-element elementor-element-205cb5b5\" data-id=\"205cb5b5\" data-element_type=\"column\" data-e-type=\"column\">\n\t\t\t<div class=\"elementor-widget-wrap elementor-element-populated\">\n\t\t\t\t\t\t<div class=\"elementor-element elementor-element-6110d7d5 elementor-widget__width-auto elementor-widget elementor-widget-heading\" data-id=\"6110d7d5\" data-element_type=\"widget\" data-e-type=\"widget\" data-widget_type=\"heading.default\">\n\t\t\t\t<div class=\"elementor-widget-container\">\n\t\t\t\t\t<div class=\"elementor-heading-title elementor-size-default\">\u822a\u5929\u98de\u673a<\/div>\t\t\t\t<\/div>\n\t\t\t\t<\/div>\n\t\t\t\t<div class=\"elementor-element elementor-element-7961b9e1 elementor-widget-divider--view-line elementor-widget elementor-widget-divider\" data-id=\"7961b9e1\" data-element_type=\"widget\" data-e-type=\"widget\" data-widget_type=\"divider.default\">\n\t\t\t\t<div class=\"elementor-widget-container\">\n\t\t\t\t\t\t\t<div class=\"elementor-divider\">\n\t\t\t<span class=\"elementor-divider-separator\">\n\t\t\t\t\t\t<\/span>\n\t\t<\/div>\n\t\t\t\t\t\t<\/div>\n\t\t\t\t<\/div>\n\t\t\t\t<div class=\"elementor-element elementor-element-1279c01e elementor-invisible elementor-widget elementor-widget-heading\" data-id=\"1279c01e\" data-element_type=\"widget\" data-e-type=\"widget\" data-settings=\"{&quot;_animation&quot;:&quot;fadeInDown&quot;}\" data-widget_type=\"heading.default\">\n\t\t\t\t<div class=\"elementor-widget-container\">\n\t\t\t\t\t<h2 class=\"elementor-heading-title elementor-size-default\">\u4f53\u9a8c\u7535\u52a8 M\u00e9hari \u7684\u6807\u5fd7\u6027 Eze \u4e4b\u65c5\u3002.<\/h2>\t\t\t\t<\/div>\n\t\t\t\t<\/div>\n\t\t\t\t<div class=\"elementor-element elementor-element-55a054d1 elementor-widget elementor-widget-text-editor\" data-id=\"55a054d1\" data-element_type=\"widget\" data-e-type=\"widget\" data-widget_type=\"text-editor.default\">\n\t\t\t\t<div class=\"elementor-widget-container\">\n\t\t\t\t\t\t\t\t\t<p>\u5728\u6751\u5e84\u548c\u5f17\u62c9\u6208\u7eb3\u5c14\u5de5\u5382\u4e4b\u95f4\uff0c\u60a8\u53ef\u4ee5\u4eab\u53d7\u4e00\u6bb5\u4ee4\u4eba\u96be\u5fd8\u7684\u5168\u666f\u6f2b\u6b65\uff0c\u5e76\u6709\u673a\u4f1a\u505c\u7559\u62cd\u7167\u7559\u5ff5\u3002.<\/p>\t\t\t\t\t\t\t\t<\/div>\n\t\t\t\t<\/div>\n\t\t\t\t<div class=\"elementor-element elementor-element-7441dab elementor-align-center elementor-widget elementor-widget-button\" data-id=\"7441dab\" data-element_type=\"widget\" data-e-type=\"widget\" data-widget_type=\"button.default\">\n\t\t\t\t<div class=\"elementor-widget-container\">\n\t\t\t\t\t\t\t\t\t<div class=\"elementor-button-wrapper\">\n\t\t\t\t\t<a class=\"elementor-button elementor-button-link elementor-size-sm\" href=\"https:\/\/eze-shuttle.com\/zh\/%e5%8e%86%e5%8f%b2%e4%bf%9d%e6%8a%a4%e5%8c%ba\/\">\n\t\t\t\t\t\t<span class=\"elementor-button-content-wrapper\">\n\t\t\t\t\t\t\t\t\t<span class=\"elementor-button-text\">\u63a2\u7d22\u4f53\u9a8c<\/span>\n\t\t\t\t\t<\/span>\n\t\t\t\t\t<\/a>\n\t\t\t\t<\/div>\n\t\t\t\t\t\t\t\t<\/div>\n\t\t\t\t<\/div>\n\t\t\t\t\t<\/div>\n\t\t<\/div>\n\t\t\t\t<div class=\"elementor-column elementor-col-50 elementor-top-column elementor-element elementor-element-4fbd273\" data-id=\"4fbd273\" data-element_type=\"column\" data-e-type=\"column\" data-settings=\"{&quot;background_background&quot;:&quot;classic&quot;}\">\n\t\t\t<div class=\"elementor-widget-wrap elementor-element-populated\">\n\t\t\t\t\t\t<div class=\"elementor-element elementor-element-5618de15 elementor-invisible elementor-widget elementor-widget-image\" data-id=\"5618de15\" data-element_type=\"widget\" data-e-type=\"widget\" data-settings=\"{&quot;_animation&quot;:&quot;fadeInRight&quot;}\" data-widget_type=\"image.default\">\n\t\t\t\t<div class=\"elementor-widget-container\">\n\t\t\t\t\t\t\t\t\t\t\t\t\t\t\t<img fetchpriority=\"high\" decoding=\"async\" width=\"1395\" height=\"1127\" src=\"https:\/\/eze-shuttle.com\/wp-content\/uploads\/2026\/05\/mehari-10.jpeg\" class=\"attachment-full size-full wp-image-1484\" alt=\"\" srcset=\"https:\/\/eze-shuttle.com\/wp-content\/uploads\/2026\/05\/mehari-10.jpeg 1395w, https:\/\/eze-shuttle.com\/wp-content\/uploads\/2026\/05\/mehari-10-300x242.jpeg 300w, https:\/\/eze-shuttle.com\/wp-content\/uploads\/2026\/05\/mehari-10-1024x827.jpeg 1024w, https:\/\/eze-shuttle.com\/wp-content\/uploads\/2026\/05\/mehari-10-768x620.jpeg 768w, https:\/\/eze-shuttle.com\/wp-content\/uploads\/2026\/05\/mehari-10-15x12.jpeg 15w\" sizes=\"(max-width: 1395px) 100vw, 1395px\" \/>\t\t\t\t\t\t\t\t\t\t\t\t\t\t\t<\/div>\n\t\t\t\t<\/div>\n\t\t\t\t\t<\/div>\n\t\t<\/div>\n\t\t\t\t\t<\/div>\n\t\t<\/section>\n\t\t\t\t<section class=\"elementor-section elementor-top-section elementor-element elementor-element-2a792ac8 elementor-section-boxed elementor-section-height-default elementor-section-height-default\" data-id=\"2a792ac8\" data-element_type=\"section\" data-e-type=\"section\">\n\t\t\t\t\t\t<div class=\"elementor-container elementor-column-gap-no\">\n\t\t\t\t\t<div class=\"elementor-column elementor-col-50 elementor-top-column elementor-element elementor-element-9c29ccc\" data-id=\"9c29ccc\" data-element_type=\"column\" data-e-type=\"column\" data-settings=\"{&quot;background_background&quot;:&quot;classic&quot;}\">\n\t\t\t<div class=\"elementor-widget-wrap elementor-element-populated\">\n\t\t\t\t\t\t<div class=\"elementor-element elementor-element-b00cc5c elementor-hidden-mobile elementor-invisible elementor-widget elementor-widget-image\" data-id=\"b00cc5c\" data-element_type=\"widget\" data-e-type=\"widget\" data-settings=\"{&quot;_animation&quot;:&quot;fadeInRight&quot;}\" data-widget_type=\"image.default\">\n\t\t\t\t<div class=\"elementor-widget-container\">\n\t\t\t\t\t\t\t\t\t\t\t\t\t\t\t<img decoding=\"async\" width=\"1216\" height=\"1293\" src=\"https:\/\/eze-shuttle.com\/wp-content\/uploads\/2026\/05\/mehari-5.jpeg\" class=\"attachment-full size-full wp-image-1479\" alt=\"\" srcset=\"https:\/\/eze-shuttle.com\/wp-content\/uploads\/2026\/05\/mehari-5.jpeg 1216w, https:\/\/eze-shuttle.com\/wp-content\/uploads\/2026\/05\/mehari-5-282x300.jpeg 282w, https:\/\/eze-shuttle.com\/wp-content\/uploads\/2026\/05\/mehari-5-963x1024.jpeg 963w, https:\/\/eze-shuttle.com\/wp-content\/uploads\/2026\/05\/mehari-5-768x817.jpeg 768w, https:\/\/eze-shuttle.com\/wp-content\/uploads\/2026\/05\/mehari-5-11x12.jpeg 11w\" sizes=\"(max-width: 1216px) 100vw, 1216px\" \/>\t\t\t\t\t\t\t\t\t\t\t\t\t\t\t<\/div>\n\t\t\t\t<\/div>\n\t\t\t\t\t<\/div>\n\t\t<\/div>\n\t\t\t\t<div class=\"elementor-column elementor-col-50 elementor-top-column elementor-element elementor-element-f21eca0\" data-id=\"f21eca0\" data-element_type=\"column\" data-e-type=\"column\">\n\t\t\t<div class=\"elementor-widget-wrap elementor-element-populated\">\n\t\t\t\t\t\t<div class=\"elementor-element elementor-element-4b4d64f1 elementor-widget__width-auto elementor-widget elementor-widget-heading\" data-id=\"4b4d64f1\" data-element_type=\"widget\" data-e-type=\"widget\" data-widget_type=\"heading.default\">\n\t\t\t\t<div class=\"elementor-widget-container\">\n\t\t\t\t\t<div class=\"elementor-heading-title elementor-size-default\">\u771f\u5b9e\u4f53\u9a8c<\/div>\t\t\t\t<\/div>\n\t\t\t\t<\/div>\n\t\t\t\t<div class=\"elementor-element elementor-element-c126d9a elementor-invisible elementor-widget elementor-widget-heading\" data-id=\"c126d9a\" data-element_type=\"widget\" data-e-type=\"widget\" data-settings=\"{&quot;_animation&quot;:&quot;fadeInDown&quot;}\" data-widget_type=\"heading.default\">\n\t\t\t\t<div class=\"elementor-widget-container\">\n\t\t\t\t\t<h2 class=\"elementor-heading-title elementor-size-default\">\u6b65\u884c\u548c\u62cd\u7167\u505c\u7559<\/h2>\t\t\t\t<\/div>\n\t\t\t\t<\/div>\n\t\t\t\t<div class=\"elementor-element elementor-element-2df1a61c elementor-widget-divider--view-line elementor-widget elementor-widget-divider\" data-id=\"2df1a61c\" data-element_type=\"widget\" data-e-type=\"widget\" data-widget_type=\"divider.default\">\n\t\t\t\t<div class=\"elementor-widget-container\">\n\t\t\t\t\t\t\t<div class=\"elementor-divider\">\n\t\t\t<span class=\"elementor-divider-separator\">\n\t\t\t\t\t\t<\/span>\n\t\t<\/div>\n\t\t\t\t\t\t<\/div>\n\t\t\t\t<\/div>\n\t\t\t\t<div class=\"elementor-element elementor-element-76e764d6 elementor-widget elementor-widget-text-editor\" data-id=\"76e764d6\" data-element_type=\"widget\" data-e-type=\"widget\" data-widget_type=\"text-editor.default\">\n\t\t\t\t<div class=\"elementor-widget-container\">\n\t\t\t\t\t\t\t\t\t<p>\u5750\u4e0a\u6211\u4eec\u4f20\u5947\u7684\u7535\u52a8 M\u00e9hari 100%\uff0c\u5728 10-12 \u5206\u949f\u5185\u6c89\u6d78\u5728\u91cc\u7ef4\u57c3\u62c9\u7684\u98ce\u666f\u4e4b\u4e2d\u3002.<br \/><br \/>\u65e0\u9700\u6b65\u884c\uff1a\u6211\u4eec\u5c06\u5e26\u60a8\u6cbf\u7740\u98ce\u666f\u4f18\u7f8e\u7684\u8def\u7ebf\u8212\u9002\u51fa\u884c\u3002\u4eae\u70b9\uff1f\u6211\u4eec\u5c06\u7279\u522b\u5b89\u6392\u62cd\u7167\u70b9\uff0c\u8ba9\u60a8\u6355\u6349\u57c3\u6cfd\u53e4\u6751\u6700\u7f8e\u7684\u666f\u8272\u3002.<\/p>\t\t\t\t\t\t\t\t<\/div>\n\t\t\t\t<\/div>\n\t\t\t\t<div class=\"elementor-element elementor-element-b32e5ae elementor-align-center elementor-widget elementor-widget-button\" data-id=\"b32e5ae\" data-element_type=\"widget\" data-e-type=\"widget\" data-widget_type=\"button.default\">\n\t\t\t\t<div class=\"elementor-widget-container\">\n\t\t\t\t\t\t\t\t\t<div class=\"elementor-button-wrapper\">\n\t\t\t\t\t<a class=\"elementor-button elementor-button-link elementor-size-sm\" href=\"https:\/\/eze-shuttle.com\/zh\/%e5%8e%86%e5%8f%b2%e4%bf%9d%e6%8a%a4%e5%8c%ba\/\">\n\t\t\t\t\t\t<span class=\"elementor-button-content-wrapper\">\n\t\t\t\t\t\t\t\t\t<span class=\"elementor-button-text\">\u63a2\u7d22\u4f53\u9a8c<\/span>\n\t\t\t\t\t<\/span>\n\t\t\t\t\t<\/a>\n\t\t\t\t<\/div>\n\t\t\t\t\t\t\t\t<\/div>\n\t\t\t\t<\/div>\n\t\t\t\t<div class=\"elementor-element elementor-element-1f211ccd elementor-hidden-desktop elementor-invisible elementor-widget elementor-widget-image\" data-id=\"1f211ccd\" data-element_type=\"widget\" data-e-type=\"widget\" data-settings=\"{&quot;_animation&quot;:&quot;fadeInRight&quot;}\" data-widget_type=\"image.default\">\n\t\t\t\t<div class=\"elementor-widget-container\">\n\t\t\t\t\t\t\t\t\t\t\t\t\t\t\t<img decoding=\"async\" width=\"1216\" height=\"1293\" src=\"https:\/\/eze-shuttle.com\/wp-content\/uploads\/2026\/05\/mehari-5.jpeg\" class=\"attachment-full size-full wp-image-1479\" alt=\"\" srcset=\"https:\/\/eze-shuttle.com\/wp-content\/uploads\/2026\/05\/mehari-5.jpeg 1216w, https:\/\/eze-shuttle.com\/wp-content\/uploads\/2026\/05\/mehari-5-282x300.jpeg 282w, https:\/\/eze-shuttle.com\/wp-content\/uploads\/2026\/05\/mehari-5-963x1024.jpeg 963w, https:\/\/eze-shuttle.com\/wp-content\/uploads\/2026\/05\/mehari-5-768x817.jpeg 768w, https:\/\/eze-shuttle.com\/wp-content\/uploads\/2026\/05\/mehari-5-11x12.jpeg 11w\" sizes=\"(max-width: 1216px) 100vw, 1216px\" \/>\t\t\t\t\t\t\t\t\t\t\t\t\t\t\t<\/div>\n\t\t\t\t<\/div>\n\t\t\t\t\t<\/div>\n\t\t<\/div>\n\t\t\t\t\t<\/div>\n\t\t<\/section>\n\t\t\t\t<section class=\"elementor-section elementor-top-section elementor-element elementor-element-7d71eee0 elementor-section-boxed elementor-section-height-default elementor-section-height-default\" data-id=\"7d71eee0\" data-element_type=\"section\" data-e-type=\"section\">\n\t\t\t\t\t\t<div class=\"elementor-container elementor-column-gap-no\">\n\t\t\t\t\t<div class=\"elementor-column elementor-col-50 elementor-top-column elementor-element elementor-element-1a87bae6\" data-id=\"1a87bae6\" data-element_type=\"column\" data-e-type=\"column\">\n\t\t\t<div class=\"elementor-widget-wrap elementor-element-populated\">\n\t\t\t\t\t\t<div class=\"elementor-element elementor-element-6b1b295 elementor-widget__width-auto elementor-widget elementor-widget-heading\" data-id=\"6b1b295\" data-element_type=\"widget\" data-e-type=\"widget\" data-widget_type=\"heading.default\">\n\t\t\t\t<div class=\"elementor-widget-container\">\n\t\t\t\t\t<div class=\"elementor-heading-title elementor-size-default\">\u989d\u5916\u4e00\u70b9<\/div>\t\t\t\t<\/div>\n\t\t\t\t<\/div>\n\t\t\t\t<div class=\"elementor-element elementor-element-10b2d16e elementor-invisible elementor-widget elementor-widget-heading\" data-id=\"10b2d16e\" data-element_type=\"widget\" data-e-type=\"widget\" data-settings=\"{&quot;_animation&quot;:&quot;fadeInDown&quot;}\" data-widget_type=\"heading.default\">\n\t\t\t\t<div class=\"elementor-widget-container\">\n\t\t\t\t\t<h2 class=\"elementor-heading-title elementor-size-default\">\u65c5\u7a0b\u7684\u4e24\u4e2a\u65b9\u5411<\/h2>\t\t\t\t<\/div>\n\t\t\t\t<\/div>\n\t\t\t\t<div class=\"elementor-element elementor-element-f3e718e elementor-widget-divider--view-line elementor-widget elementor-widget-divider\" data-id=\"f3e718e\" data-element_type=\"widget\" data-e-type=\"widget\" data-widget_type=\"divider.default\">\n\t\t\t\t<div class=\"elementor-widget-container\">\n\t\t\t\t\t\t\t<div class=\"elementor-divider\">\n\t\t\t<span class=\"elementor-divider-separator\">\n\t\t\t\t\t\t<\/span>\n\t\t<\/div>\n\t\t\t\t\t\t<\/div>\n\t\t\t\t<\/div>\n\t\t\t\t<div class=\"elementor-element elementor-element-356631af elementor-widget elementor-widget-text-editor\" data-id=\"356631af\" data-element_type=\"widget\" data-e-type=\"widget\" data-widget_type=\"text-editor.default\">\n\t\t\t\t<div class=\"elementor-widget-container\">\n\t\t\t\t\t\t\t\t\t<p><strong>\u9009\u9879 A\uff1a\u7279\u6743\u4e0b\u5c71\uff08\u4ece Colette \/ Village \u51fa\u53d1\uff09<\/strong><\/p><p>\u8f7b\u677e\u62b5\u8fbe\u5f17\u62c9\u6208\u7eb3\u5c14\u5de5\u5382\u3002\u5728\u53c2\u89c2\u6216\u8d2d\u7269\u4e4b\u524d\uff0c\u5c3d\u60c5\u4eab\u53d7\u4e0b\u5c71\u7684\u8def\u7a0b\u548c\u62cd\u7167\u7559\u5ff5\u7684\u4e50\u8da3\u3002.<\/p><p><strong>\u65b9\u6848B\uff1a\u5168\u666f\u6500\u767b\uff08\u4ece\u5f17\u62c9\u6208\u7eb3\u5c14\u5de5\u5382\u51fa\u53d1\uff09<\/strong><\/p><p>\u53c2\u89c2\u7ed3\u675f\u540e\uff0c\u6216\u8005\u8fd4\u56de\u505c\u8f66\u573a\u53d6\u8f66\u65f6\uff0c\u8bf7\u907f\u514d\u4e0a\u5761\u6b65\u884c\u3002\u4e0d\u59a8\u5728\u4fef\u77b0\u6751\u5e84\u7684\u4f18\u7f8e\u73af\u5883\u4e2d\u4eab\u53d7\u4e00\u6bb5\u60ec\u610f\u7684\u4f11\u61a9\u65f6\u5149\u3002.<\/p>\t\t\t\t\t\t\t\t<\/div>\n\t\t\t\t<\/div>\n\t\t\t\t<div class=\"elementor-element elementor-element-65efe5d elementor-align-center elementor-widget elementor-widget-button\" data-id=\"65efe5d\" data-element_type=\"widget\" data-e-type=\"widget\" data-widget_type=\"button.default\">\n\t\t\t\t<div class=\"elementor-widget-container\">\n\t\t\t\t\t\t\t\t\t<div class=\"elementor-button-wrapper\">\n\t\t\t\t\t<a class=\"elementor-button elementor-button-link elementor-size-sm\" href=\"https:\/\/eze-shuttle.com\/zh\/%e5%8e%86%e5%8f%b2%e4%bf%9d%e6%8a%a4%e5%8c%ba\/\">\n\t\t\t\t\t\t<span class=\"elementor-button-content-wrapper\">\n\t\t\t\t\t\t\t\t\t<span class=\"elementor-button-text\">\u63a2\u7d22\u4f53\u9a8c<\/span>\n\t\t\t\t\t<\/span>\n\t\t\t\t\t<\/a>\n\t\t\t\t<\/div>\n\t\t\t\t\t\t\t\t<\/div>\n\t\t\t\t<\/div>\n\t\t\t\t\t<\/div>\n\t\t<\/div>\n\t\t\t\t<div class=\"elementor-column elementor-col-50 elementor-top-column elementor-element elementor-element-fe61708\" data-id=\"fe61708\" data-element_type=\"column\" data-e-type=\"column\" data-settings=\"{&quot;background_background&quot;:&quot;classic&quot;}\">\n\t\t\t<div class=\"elementor-widget-wrap elementor-element-populated\">\n\t\t\t\t\t\t<div class=\"elementor-element elementor-element-62a9ed4c elementor-invisible elementor-widget elementor-widget-image\" data-id=\"62a9ed4c\" data-element_type=\"widget\" data-e-type=\"widget\" data-settings=\"{&quot;_animation&quot;:&quot;fadeInRight&quot;}\" data-widget_type=\"image.default\">\n\t\t\t\t<div class=\"elementor-widget-container\">\n\t\t\t\t\t\t\t\t\t\t\t\t\t\t\t<img decoding=\"async\" width=\"1532\" height=\"1600\" src=\"https:\/\/eze-shuttle.com\/wp-content\/uploads\/2026\/05\/mehari-4.jpeg\" class=\"attachment-full size-full wp-image-1478\" alt=\"\" srcset=\"https:\/\/eze-shuttle.com\/wp-content\/uploads\/2026\/05\/mehari-4.jpeg 1532w, https:\/\/eze-shuttle.com\/wp-content\/uploads\/2026\/05\/mehari-4-287x300.jpeg 287w, https:\/\/eze-shuttle.com\/wp-content\/uploads\/2026\/05\/mehari-4-980x1024.jpeg 980w, https:\/\/eze-shuttle.com\/wp-content\/uploads\/2026\/05\/mehari-4-768x802.jpeg 768w, https:\/\/eze-shuttle.com\/wp-content\/uploads\/2026\/05\/mehari-4-1471x1536.jpeg 1471w, https:\/\/eze-shuttle.com\/wp-content\/uploads\/2026\/05\/mehari-4-11x12.jpeg 11w\" sizes=\"(max-width: 1532px) 100vw, 1532px\" \/>\t\t\t\t\t\t\t\t\t\t\t\t\t\t\t<\/div>\n\t\t\t\t<\/div>\n\t\t\t\t\t<\/div>\n\t\t<\/div>\n\t\t\t\t\t<\/div>\n\t\t<\/section>\n\t\t\t\t<\/div>","protected":false},"excerpt":{"rendered":"<p>Accueil 6\u20ac par personne et par trajet LA NAVETTE L&rsquo;Exp\u00e9rience Iconique d&rsquo;Eze en M\u00e9hari \u00c9lectrique. Une balade panoramique inoubliable avec arr\u00eat photo exclusif entre le Village et l&rsquo;Usine Fragonard. D\u00e9couvrir l&rsquo;exp\u00e9rience La vrai exp\u00e9rience La Balade &amp; Le Photo Stop Installez-vous \u00e0 bord de notre mythique M\u00e9hari 100% \u00e9lectrique pour une immersion de 10 \u00e0 [&hellip;]<\/p>\n","protected":false},"author":1,"featured_media":0,"parent":0,"menu_order":0,"comment_status":"closed","ping_status":"closed","template":"","meta":{"footnotes":""},"class_list":["post-1470","page","type-page","status-publish","hentry"],"_links":{"self":[{"href":"https:\/\/eze-shuttle.com\/zh\/wp-json\/wp\/v2\/pages\/1470","targetHints":{"allow":["GET"]}}],"collection":[{"href":"https:\/\/eze-shuttle.com\/zh\/wp-json\/wp\/v2\/pages"}],"about":[{"href":"https:\/\/eze-shuttle.com\/zh\/wp-json\/wp\/v2\/types\/page"}],"author":[{"embeddable":true,"href":"https:\/\/eze-shuttle.com\/zh\/wp-json\/wp\/v2\/users\/1"}],"replies":[{"embeddable":true,"href":"https:\/\/eze-shuttle.com\/zh\/wp-json\/wp\/v2\/comments?post=1470"}],"version-history":[{"count":47,"href":"https:\/\/eze-shuttle.com\/zh\/wp-json\/wp\/v2\/pages\/1470\/revisions"}],"predecessor-version":[{"id":1570,"href":"https:\/\/eze-shuttle.com\/zh\/wp-json\/wp\/v2\/pages\/1470\/revisions\/1570"}],"wp:attachment":[{"href":"https:\/\/eze-shuttle.com\/zh\/wp-json\/wp\/v2\/media?parent=1470"}],"curies":[{"name":"\u53ef\u6e7f\u6027\u7c89\u5242","href":"https:\/\/api.w.org\/{rel}","templated":true}]}}