{"id":1470,"date":"2026-04-30T03:16:49","date_gmt":"2026-04-30T03:16:49","guid":{"rendered":"https:\/\/eze-shuttle.com\/?page_id=1470"},"modified":"2026-05-14T00:40:01","modified_gmt":"2026-05-14T00:40:01","slug":"%ec%a0%84%ea%b8%b0-%eb%a9%94%ed%95%98%eb%a6%ac","status":"publish","type":"page","link":"https:\/\/eze-shuttle.com\/ko\/mehari-electrique\/","title":{"rendered":"Eze Panoramic Trip &#038; Photo Stop"},"content":{"rendered":"<div data-elementor-type=\"wp-page\" data-elementor-id=\"1470\" class=\"elementor elementor-1470\" data-elementor-post-type=\"page\">\n\t\t\t\t\t\t<section class=\"elementor-section elementor-top-section elementor-element elementor-element-3cf90383 elementor-section-boxed elementor-section-height-default elementor-section-height-default\" data-id=\"3cf90383\" data-element_type=\"section\" data-e-type=\"section\" data-settings=\"{&quot;background_background&quot;:&quot;classic&quot;,&quot;shape_divider_bottom&quot;:&quot;triangle&quot;,&quot;shape_divider_bottom_negative&quot;:&quot;yes&quot;}\">\n\t\t\t\t\t\t\t<div class=\"elementor-background-overlay\"><\/div>\n\t\t\t\t\t\t<div class=\"elementor-shape elementor-shape-bottom\" aria-hidden=\"true\" data-negative=\"true\">\n\t\t\t<svg xmlns=\"http:\/\/www.w3.org\/2000\/svg\" viewbox=\"0 0 1000 100\" preserveaspectratio=\"none\">\n\t<path class=\"elementor-shape-fill\" d=\"M500.2,94.7L0,0v100h1000V0L500.2,94.7z\"\/>\n<\/svg>\t\t<\/div>\n\t\t\t\t\t<div class=\"elementor-container elementor-column-gap-no\">\n\t\t\t\t\t<div class=\"elementor-column elementor-col-100 elementor-top-column elementor-element elementor-element-18fb1df1\" data-id=\"18fb1df1\" data-element_type=\"column\" data-e-type=\"column\">\n\t\t\t<div class=\"elementor-widget-wrap elementor-element-populated\">\n\t\t\t\t\t\t<div class=\"elementor-element elementor-element-fca4430 elementor-icon-list--layout-inline elementor-align-center elementor-widget__width-auto elementor-list-item-link-full_width elementor-widget elementor-widget-icon-list\" data-id=\"fca4430\" data-element_type=\"widget\" data-e-type=\"widget\" data-widget_type=\"icon-list.default\">\n\t\t\t\t<div class=\"elementor-widget-container\">\n\t\t\t\t\t\t\t<ul class=\"elementor-icon-list-items elementor-inline-items\">\n\t\t\t\t\t\t\t<li class=\"elementor-icon-list-item elementor-inline-item\">\n\t\t\t\t\t\t\t\t\t\t\t<a href=\"https:\/\/eze-shuttle.com\/ko\/\">\n\n\t\t\t\t\t\t\t\t\t\t\t<span class=\"elementor-icon-list-text\">\ud658\uc601<\/span>\n\t\t\t\t\t\t\t\t\t\t\t<\/a>\n\t\t\t\t\t\t\t\t\t<\/li>\n\t\t\t\t\t\t\t\t<li class=\"elementor-icon-list-item elementor-inline-item\">\n\t\t\t\t\t\t\t\t\t\t\t<a href=\"#\">\n\n\t\t\t\t\t\t\t\t\t\t\t\t<span class=\"elementor-icon-list-icon\">\n\t\t\t\t\t\t\t<svg aria-hidden=\"true\" class=\"e-font-icon-svg e-fas-angle-right\" viewbox=\"0 0 256 512\" xmlns=\"http:\/\/www.w3.org\/2000\/svg\"><path d=\"M224.3 273l-136 136c-9.4 9.4-24.6 9.4-33.9 0l-22.6-22.6c-9.4-9.4-9.4-24.6 0-33.9l96.4-96.4-96.4-96.4c-9.4-9.4-9.4-24.6 0-33.9L54.3 103c9.4-9.4 24.6-9.4 33.9 0l136 136c9.5 9.4 9.5 24.6.1 34z\"><\/path><\/svg>\t\t\t\t\t\t<\/span>\n\t\t\t\t\t\t\t\t\t\t<span class=\"elementor-icon-list-text\"><\/span>\n\t\t\t\t\t\t\t\t\t\t\t<\/a>\n\t\t\t\t\t\t\t\t\t<\/li>\n\t\t\t\t\t\t<\/ul>\n\t\t\t\t\t\t<\/div>\n\t\t\t\t<\/div>\n\t\t\t\t<div class=\"elementor-element elementor-element-685ee83f elementor-widget elementor-widget-text-editor\" data-id=\"685ee83f\" data-element_type=\"widget\" data-e-type=\"widget\" data-widget_type=\"text-editor.default\">\n\t\t\t\t<div class=\"elementor-widget-container\">\n\t\t\t\t\t\t\t\t\t<p><strong>1\uc778\ub2f9 \ud3b8\ub3c4 6\uc720\ub85c<\/strong><\/p>\t\t\t\t\t\t\t\t<\/div>\n\t\t\t\t<\/div>\n\t\t\t\t\t<\/div>\n\t\t<\/div>\n\t\t\t\t\t<\/div>\n\t\t<\/section>\n\t\t\t\t<section class=\"elementor-section elementor-top-section elementor-element elementor-element-1100fc7c elementor-section-boxed elementor-section-height-default elementor-section-height-default\" data-id=\"1100fc7c\" data-element_type=\"section\" data-e-type=\"section\">\n\t\t\t\t\t\t<div class=\"elementor-container elementor-column-gap-no\">\n\t\t\t\t\t<div class=\"elementor-column elementor-col-50 elementor-top-column elementor-element elementor-element-205cb5b5\" data-id=\"205cb5b5\" data-element_type=\"column\" data-e-type=\"column\">\n\t\t\t<div class=\"elementor-widget-wrap elementor-element-populated\">\n\t\t\t\t\t\t<div class=\"elementor-element elementor-element-6110d7d5 elementor-widget__width-auto elementor-widget elementor-widget-heading\" data-id=\"6110d7d5\" data-element_type=\"widget\" data-e-type=\"widget\" data-widget_type=\"heading.default\">\n\t\t\t\t<div class=\"elementor-widget-container\">\n\t\t\t\t\t<div class=\"elementor-heading-title elementor-size-default\">\uc154\ud2c0<\/div>\t\t\t\t<\/div>\n\t\t\t\t<\/div>\n\t\t\t\t<div class=\"elementor-element elementor-element-7961b9e1 elementor-widget-divider--view-line elementor-widget elementor-widget-divider\" data-id=\"7961b9e1\" data-element_type=\"widget\" data-e-type=\"widget\" data-widget_type=\"divider.default\">\n\t\t\t\t<div class=\"elementor-widget-container\">\n\t\t\t\t\t\t\t<div class=\"elementor-divider\">\n\t\t\t<span class=\"elementor-divider-separator\">\n\t\t\t\t\t\t<\/span>\n\t\t<\/div>\n\t\t\t\t\t\t<\/div>\n\t\t\t\t<\/div>\n\t\t\t\t<div class=\"elementor-element elementor-element-1279c01e elementor-invisible elementor-widget elementor-widget-heading\" data-id=\"1279c01e\" data-element_type=\"widget\" data-e-type=\"widget\" data-settings=\"{&quot;_animation&quot;:&quot;fadeInDown&quot;}\" data-widget_type=\"heading.default\">\n\t\t\t\t<div class=\"elementor-widget-container\">\n\t\t\t\t\t<h2 class=\"elementor-heading-title elementor-size-default\">\uc0c1\uc9d5\uc801\uc778 \uc5d0\uc988(Eze) \uacbd\ud5d8\uc744 \uc804\uae30 \uba54\ud558\ub9ac(M\u00e9hari)\uc5d0\uc11c \ub9cc\ub07d\ud558\uc138\uc694.<\/h2>\t\t\t\t<\/div>\n\t\t\t\t<\/div>\n\t\t\t\t<div class=\"elementor-element elementor-element-55a054d1 elementor-widget elementor-widget-text-editor\" data-id=\"55a054d1\" data-element_type=\"widget\" data-e-type=\"widget\" data-widget_type=\"text-editor.default\">\n\t\t\t\t<div class=\"elementor-widget-container\">\n\t\t\t\t\t\t\t\t\t<p>\ub9c8\uc744\uacfc \ud504\ub77c\uace0\ub098\ub974 \uacf5\uc7a5 \uc0ac\uc774\uc5d0\uc11c \uc78a\uc9c0 \ubabb\ud560 \ud30c\ub178\ub77c\ub9c8 \uc0b0\ucc45\uc744 \uc990\uae30\uace0, \ud2b9\ubcc4\ud55c \uc0ac\uc9c4 \ucd2c\uc601 \uc7a5\uc18c\ub3c4 \ub9c8\ub828\ub429\ub2c8\ub2e4.<\/p>\t\t\t\t\t\t\t\t<\/div>\n\t\t\t\t<\/div>\n\t\t\t\t<div class=\"elementor-element elementor-element-7441dab elementor-align-center elementor-widget elementor-widget-button\" data-id=\"7441dab\" data-element_type=\"widget\" data-e-type=\"widget\" data-widget_type=\"button.default\">\n\t\t\t\t<div class=\"elementor-widget-container\">\n\t\t\t\t\t\t\t\t\t<div class=\"elementor-button-wrapper\">\n\t\t\t\t\t<a class=\"elementor-button elementor-button-link elementor-size-sm\" href=\"https:\/\/eze-shuttle.com\/ko\/%ec%97%ad%ec%82%ac%ec%a0%81-%eb%b3%b4%ed%98%b8%ea%b5%ac%ec%97%ad\/\">\n\t\t\t\t\t\t<span class=\"elementor-button-content-wrapper\">\n\t\t\t\t\t\t\t\t\t<span class=\"elementor-button-text\">\uadf8 \uacbd\ud5d8\uc744 \ubc1c\uacac\ud558\uc138\uc694<\/span>\n\t\t\t\t\t<\/span>\n\t\t\t\t\t<\/a>\n\t\t\t\t<\/div>\n\t\t\t\t\t\t\t\t<\/div>\n\t\t\t\t<\/div>\n\t\t\t\t\t<\/div>\n\t\t<\/div>\n\t\t\t\t<div class=\"elementor-column elementor-col-50 elementor-top-column elementor-element elementor-element-4fbd273\" data-id=\"4fbd273\" data-element_type=\"column\" data-e-type=\"column\" data-settings=\"{&quot;background_background&quot;:&quot;classic&quot;}\">\n\t\t\t<div class=\"elementor-widget-wrap elementor-element-populated\">\n\t\t\t\t\t\t<div class=\"elementor-element elementor-element-5618de15 elementor-invisible elementor-widget elementor-widget-image\" data-id=\"5618de15\" data-element_type=\"widget\" data-e-type=\"widget\" data-settings=\"{&quot;_animation&quot;:&quot;fadeInRight&quot;}\" data-widget_type=\"image.default\">\n\t\t\t\t<div class=\"elementor-widget-container\">\n\t\t\t\t\t\t\t\t\t\t\t\t\t\t\t<img fetchpriority=\"high\" decoding=\"async\" width=\"1395\" height=\"1127\" src=\"https:\/\/eze-shuttle.com\/wp-content\/uploads\/2026\/05\/mehari-10.jpeg\" class=\"attachment-full size-full wp-image-1484\" alt=\"\" srcset=\"https:\/\/eze-shuttle.com\/wp-content\/uploads\/2026\/05\/mehari-10.jpeg 1395w, https:\/\/eze-shuttle.com\/wp-content\/uploads\/2026\/05\/mehari-10-300x242.jpeg 300w, https:\/\/eze-shuttle.com\/wp-content\/uploads\/2026\/05\/mehari-10-1024x827.jpeg 1024w, https:\/\/eze-shuttle.com\/wp-content\/uploads\/2026\/05\/mehari-10-768x620.jpeg 768w, https:\/\/eze-shuttle.com\/wp-content\/uploads\/2026\/05\/mehari-10-15x12.jpeg 15w\" sizes=\"(max-width: 1395px) 100vw, 1395px\" \/>\t\t\t\t\t\t\t\t\t\t\t\t\t\t\t<\/div>\n\t\t\t\t<\/div>\n\t\t\t\t\t<\/div>\n\t\t<\/div>\n\t\t\t\t\t<\/div>\n\t\t<\/section>\n\t\t\t\t<section class=\"elementor-section elementor-top-section elementor-element elementor-element-2a792ac8 elementor-section-boxed elementor-section-height-default elementor-section-height-default\" data-id=\"2a792ac8\" data-element_type=\"section\" data-e-type=\"section\">\n\t\t\t\t\t\t<div class=\"elementor-container elementor-column-gap-no\">\n\t\t\t\t\t<div class=\"elementor-column elementor-col-50 elementor-top-column elementor-element elementor-element-9c29ccc\" data-id=\"9c29ccc\" data-element_type=\"column\" data-e-type=\"column\" data-settings=\"{&quot;background_background&quot;:&quot;classic&quot;}\">\n\t\t\t<div class=\"elementor-widget-wrap elementor-element-populated\">\n\t\t\t\t\t\t<div class=\"elementor-element elementor-element-b00cc5c elementor-hidden-mobile elementor-invisible elementor-widget elementor-widget-image\" data-id=\"b00cc5c\" data-element_type=\"widget\" data-e-type=\"widget\" data-settings=\"{&quot;_animation&quot;:&quot;fadeInRight&quot;}\" data-widget_type=\"image.default\">\n\t\t\t\t<div class=\"elementor-widget-container\">\n\t\t\t\t\t\t\t\t\t\t\t\t\t\t\t<img decoding=\"async\" width=\"1216\" height=\"1293\" src=\"https:\/\/eze-shuttle.com\/wp-content\/uploads\/2026\/05\/mehari-5.jpeg\" class=\"attachment-full size-full wp-image-1479\" alt=\"\" srcset=\"https:\/\/eze-shuttle.com\/wp-content\/uploads\/2026\/05\/mehari-5.jpeg 1216w, https:\/\/eze-shuttle.com\/wp-content\/uploads\/2026\/05\/mehari-5-282x300.jpeg 282w, https:\/\/eze-shuttle.com\/wp-content\/uploads\/2026\/05\/mehari-5-963x1024.jpeg 963w, https:\/\/eze-shuttle.com\/wp-content\/uploads\/2026\/05\/mehari-5-768x817.jpeg 768w, https:\/\/eze-shuttle.com\/wp-content\/uploads\/2026\/05\/mehari-5-11x12.jpeg 11w\" sizes=\"(max-width: 1216px) 100vw, 1216px\" \/>\t\t\t\t\t\t\t\t\t\t\t\t\t\t\t<\/div>\n\t\t\t\t<\/div>\n\t\t\t\t\t<\/div>\n\t\t<\/div>\n\t\t\t\t<div class=\"elementor-column elementor-col-50 elementor-top-column elementor-element elementor-element-f21eca0\" data-id=\"f21eca0\" data-element_type=\"column\" data-e-type=\"column\">\n\t\t\t<div class=\"elementor-widget-wrap elementor-element-populated\">\n\t\t\t\t\t\t<div class=\"elementor-element elementor-element-4b4d64f1 elementor-widget__width-auto elementor-widget elementor-widget-heading\" data-id=\"4b4d64f1\" data-element_type=\"widget\" data-e-type=\"widget\" data-widget_type=\"heading.default\">\n\t\t\t\t<div class=\"elementor-widget-container\">\n\t\t\t\t\t<div class=\"elementor-heading-title elementor-size-default\">\uc2e4\uc81c \uacbd\ud5d8<\/div>\t\t\t\t<\/div>\n\t\t\t\t<\/div>\n\t\t\t\t<div class=\"elementor-element elementor-element-c126d9a elementor-invisible elementor-widget elementor-widget-heading\" data-id=\"c126d9a\" data-element_type=\"widget\" data-e-type=\"widget\" data-settings=\"{&quot;_animation&quot;:&quot;fadeInDown&quot;}\" data-widget_type=\"heading.default\">\n\t\t\t\t<div class=\"elementor-widget-container\">\n\t\t\t\t\t<h2 class=\"elementor-heading-title elementor-size-default\">\uc0b0\ucc45 \ubc0f \uc0ac\uc9c4 \ucd2c\uc601 \uc7a5\uc18c<\/h2>\t\t\t\t<\/div>\n\t\t\t\t<\/div>\n\t\t\t\t<div class=\"elementor-element elementor-element-2df1a61c elementor-widget-divider--view-line elementor-widget elementor-widget-divider\" data-id=\"2df1a61c\" data-element_type=\"widget\" data-e-type=\"widget\" data-widget_type=\"divider.default\">\n\t\t\t\t<div class=\"elementor-widget-container\">\n\t\t\t\t\t\t\t<div class=\"elementor-divider\">\n\t\t\t<span class=\"elementor-divider-separator\">\n\t\t\t\t\t\t<\/span>\n\t\t<\/div>\n\t\t\t\t\t\t<\/div>\n\t\t\t\t<\/div>\n\t\t\t\t<div class=\"elementor-element elementor-element-76e764d6 elementor-widget elementor-widget-text-editor\" data-id=\"76e764d6\" data-element_type=\"widget\" data-e-type=\"widget\" data-widget_type=\"text-editor.default\">\n\t\t\t\t<div class=\"elementor-widget-container\">\n\t\t\t\t\t\t\t\t\t<p>\uc800\ud76c\uc758 \uc804\uc124\uc801\uc778 \uc804\uae30 \uc790\uc804\uac70 M\u00e9hari 100%\uc5d0 \ubab8\uc744 \uc2e3\uace0 10~12\ubd84 \ub3d9\uc548 \ub9ac\ube44\uc5d0\ub77c\uc758 \uc544\ub984\ub2e4\uc6b4 \ud48d\uacbd \uc18d\uc73c\ub85c \ube60\uc838\ubcf4\uc138\uc694.<br \/><br \/>\uac77\ub294 \uac74 \uc78a\uc73c\uc138\uc694. \uc800\ud76c\uac00 \uc544\ub984\ub2e4\uc6b4 \uacbd\uce58\ub97c \uac10\uc0c1\ud558\uba70 \uba4b\uc9c4 \uae38\ub85c \ubaa8\uc154\ub2e4 \ub4dc\ub9ac\uaca0\uc2b5\ub2c8\ub2e4. \ud558\uc774\ub77c\uc774\ud2b8\ub294? \uc5d0\uc988 \uc61b \ub9c8\uc744\uc758 \uac00\uc7a5 \uc544\ub984\ub2e4\uc6b4 \ud48d\uacbd\uc744 \uc0ac\uc9c4\uc5d0 \ub2f4\uc744 \uc218 \uc788\ub294 \ud2b9\ubcc4\ud55c \ud3ec\ud1a0\uc874\uc785\ub2c8\ub2e4.<\/p>\t\t\t\t\t\t\t\t<\/div>\n\t\t\t\t<\/div>\n\t\t\t\t<div class=\"elementor-element elementor-element-b32e5ae elementor-align-center elementor-widget elementor-widget-button\" data-id=\"b32e5ae\" data-element_type=\"widget\" data-e-type=\"widget\" data-widget_type=\"button.default\">\n\t\t\t\t<div class=\"elementor-widget-container\">\n\t\t\t\t\t\t\t\t\t<div class=\"elementor-button-wrapper\">\n\t\t\t\t\t<a class=\"elementor-button elementor-button-link elementor-size-sm\" href=\"https:\/\/eze-shuttle.com\/ko\/%ec%97%ad%ec%82%ac%ec%a0%81-%eb%b3%b4%ed%98%b8%ea%b5%ac%ec%97%ad\/\">\n\t\t\t\t\t\t<span class=\"elementor-button-content-wrapper\">\n\t\t\t\t\t\t\t\t\t<span class=\"elementor-button-text\">\uadf8 \uacbd\ud5d8\uc744 \ubc1c\uacac\ud558\uc138\uc694<\/span>\n\t\t\t\t\t<\/span>\n\t\t\t\t\t<\/a>\n\t\t\t\t<\/div>\n\t\t\t\t\t\t\t\t<\/div>\n\t\t\t\t<\/div>\n\t\t\t\t<div class=\"elementor-element elementor-element-1f211ccd elementor-hidden-desktop elementor-invisible elementor-widget elementor-widget-image\" data-id=\"1f211ccd\" data-element_type=\"widget\" data-e-type=\"widget\" data-settings=\"{&quot;_animation&quot;:&quot;fadeInRight&quot;}\" data-widget_type=\"image.default\">\n\t\t\t\t<div class=\"elementor-widget-container\">\n\t\t\t\t\t\t\t\t\t\t\t\t\t\t\t<img decoding=\"async\" width=\"1216\" height=\"1293\" src=\"https:\/\/eze-shuttle.com\/wp-content\/uploads\/2026\/05\/mehari-5.jpeg\" class=\"attachment-full size-full wp-image-1479\" alt=\"\" srcset=\"https:\/\/eze-shuttle.com\/wp-content\/uploads\/2026\/05\/mehari-5.jpeg 1216w, https:\/\/eze-shuttle.com\/wp-content\/uploads\/2026\/05\/mehari-5-282x300.jpeg 282w, https:\/\/eze-shuttle.com\/wp-content\/uploads\/2026\/05\/mehari-5-963x1024.jpeg 963w, https:\/\/eze-shuttle.com\/wp-content\/uploads\/2026\/05\/mehari-5-768x817.jpeg 768w, https:\/\/eze-shuttle.com\/wp-content\/uploads\/2026\/05\/mehari-5-11x12.jpeg 11w\" sizes=\"(max-width: 1216px) 100vw, 1216px\" \/>\t\t\t\t\t\t\t\t\t\t\t\t\t\t\t<\/div>\n\t\t\t\t<\/div>\n\t\t\t\t\t<\/div>\n\t\t<\/div>\n\t\t\t\t\t<\/div>\n\t\t<\/section>\n\t\t\t\t<section class=\"elementor-section elementor-top-section elementor-element elementor-element-7d71eee0 elementor-section-boxed elementor-section-height-default elementor-section-height-default\" data-id=\"7d71eee0\" data-element_type=\"section\" data-e-type=\"section\">\n\t\t\t\t\t\t<div class=\"elementor-container elementor-column-gap-no\">\n\t\t\t\t\t<div class=\"elementor-column elementor-col-50 elementor-top-column elementor-element elementor-element-1a87bae6\" data-id=\"1a87bae6\" data-element_type=\"column\" data-e-type=\"column\">\n\t\t\t<div class=\"elementor-widget-wrap elementor-element-populated\">\n\t\t\t\t\t\t<div class=\"elementor-element elementor-element-6b1b295 elementor-widget__width-auto elementor-widget elementor-widget-heading\" data-id=\"6b1b295\" data-element_type=\"widget\" data-e-type=\"widget\" data-widget_type=\"heading.default\">\n\t\t\t\t<div class=\"elementor-widget-container\">\n\t\t\t\t\t<div class=\"elementor-heading-title elementor-size-default\">\uc870\uae08 \ub354<\/div>\t\t\t\t<\/div>\n\t\t\t\t<\/div>\n\t\t\t\t<div class=\"elementor-element elementor-element-10b2d16e elementor-invisible elementor-widget elementor-widget-heading\" data-id=\"10b2d16e\" data-element_type=\"widget\" data-e-type=\"widget\" data-settings=\"{&quot;_animation&quot;:&quot;fadeInDown&quot;}\" data-widget_type=\"heading.default\">\n\t\t\t\t<div class=\"elementor-widget-container\">\n\t\t\t\t\t<h2 class=\"elementor-heading-title elementor-size-default\">\uc5ec\uc815\uc758 \uc591\ubc29\ud5a5<\/h2>\t\t\t\t<\/div>\n\t\t\t\t<\/div>\n\t\t\t\t<div class=\"elementor-element elementor-element-f3e718e elementor-widget-divider--view-line elementor-widget elementor-widget-divider\" data-id=\"f3e718e\" data-element_type=\"widget\" data-e-type=\"widget\" data-widget_type=\"divider.default\">\n\t\t\t\t<div class=\"elementor-widget-container\">\n\t\t\t\t\t\t\t<div class=\"elementor-divider\">\n\t\t\t<span class=\"elementor-divider-separator\">\n\t\t\t\t\t\t<\/span>\n\t\t<\/div>\n\t\t\t\t\t\t<\/div>\n\t\t\t\t<\/div>\n\t\t\t\t<div class=\"elementor-element elementor-element-356631af elementor-widget elementor-widget-text-editor\" data-id=\"356631af\" data-element_type=\"widget\" data-e-type=\"widget\" data-widget_type=\"text-editor.default\">\n\t\t\t\t<div class=\"elementor-widget-container\">\n\t\t\t\t\t\t\t\t\t<p><strong>\uc635\uc158 A: \ud2b9\uad8c \ud558\uac15 (\ucf5c\ub808\ud2b8 \ucd9c\ubc1c \/ \ube4c\ub9ac\uc9c0 \ucd9c\ubc1c)<\/strong><\/p><p>\ud504\ub77c\uace0\ub098\ub974 \uacf5\uc7a5\uae4c\uc9c0 \ud3b8\uc548\ud558\uac8c \uc774\ub3d9\ud558\uc138\uc694. \ub0b4\ub824\uc624\ub294 \uae38\uc5d0 \uacbd\uce58\ub97c \uac10\uc0c1\ud558\uace0, \ubc29\ubb38\uc774\ub098 \uc1fc\ud551 \uc804\uc5d0 \uc0ac\uc9c4 \ucd2c\uc601\uc744 \uc704\ud55c \uc815\ucc28\ub3c4 \uc990\uaca8\ubcf4\uc138\uc694.<\/p><p><strong>\uc635\uc158 B: \ud30c\ub178\ub77c\ub9c8 \uc624\ub974\ub9c9\uae38 (\ud504\ub77c\uace0\ub098\ub974 \uacf5\uc7a5 \ucd9c\ubc1c)<\/strong><\/p><p>-&gt; \ubc29\ubb38 \ud6c4 \ub610\ub294 \uc8fc\ucc28\uc7a5\uc5d0 \uc788\ub294 \ucc28\ub7c9\uc73c\ub85c \ub3cc\uc544\uac00\uc2e4 \ub54c\ub294 \uc5b8\ub355\uae38\uc744 \uac78\uc5b4 \uc62c\ub77c\uac00\uc9c0 \ub9c8\uc138\uc694. \ub9c8\uc744\uc774 \ub0b4\ub824\ub2e4\ubcf4\uc774\ub294 \ub9c8\ubc95 \uac19\uc740 \uacf5\uac04\uc5d0\uc11c \ud734\uc2dd\uc744 \ucde8\ud574\ubcf4\uc138\uc694.<\/p>\t\t\t\t\t\t\t\t<\/div>\n\t\t\t\t<\/div>\n\t\t\t\t<div class=\"elementor-element elementor-element-65efe5d elementor-align-center elementor-widget elementor-widget-button\" data-id=\"65efe5d\" data-element_type=\"widget\" data-e-type=\"widget\" data-widget_type=\"button.default\">\n\t\t\t\t<div class=\"elementor-widget-container\">\n\t\t\t\t\t\t\t\t\t<div class=\"elementor-button-wrapper\">\n\t\t\t\t\t<a class=\"elementor-button elementor-button-link elementor-size-sm\" href=\"https:\/\/eze-shuttle.com\/ko\/%ec%97%ad%ec%82%ac%ec%a0%81-%eb%b3%b4%ed%98%b8%ea%b5%ac%ec%97%ad\/\">\n\t\t\t\t\t\t<span class=\"elementor-button-content-wrapper\">\n\t\t\t\t\t\t\t\t\t<span class=\"elementor-button-text\">\uadf8 \uacbd\ud5d8\uc744 \ubc1c\uacac\ud558\uc138\uc694<\/span>\n\t\t\t\t\t<\/span>\n\t\t\t\t\t<\/a>\n\t\t\t\t<\/div>\n\t\t\t\t\t\t\t\t<\/div>\n\t\t\t\t<\/div>\n\t\t\t\t\t<\/div>\n\t\t<\/div>\n\t\t\t\t<div class=\"elementor-column elementor-col-50 elementor-top-column elementor-element elementor-element-fe61708\" data-id=\"fe61708\" data-element_type=\"column\" data-e-type=\"column\" data-settings=\"{&quot;background_background&quot;:&quot;classic&quot;}\">\n\t\t\t<div class=\"elementor-widget-wrap elementor-element-populated\">\n\t\t\t\t\t\t<div class=\"elementor-element elementor-element-62a9ed4c elementor-invisible elementor-widget elementor-widget-image\" data-id=\"62a9ed4c\" data-element_type=\"widget\" data-e-type=\"widget\" data-settings=\"{&quot;_animation&quot;:&quot;fadeInRight&quot;}\" data-widget_type=\"image.default\">\n\t\t\t\t<div class=\"elementor-widget-container\">\n\t\t\t\t\t\t\t\t\t\t\t\t\t\t\t<img decoding=\"async\" width=\"1532\" height=\"1600\" src=\"https:\/\/eze-shuttle.com\/wp-content\/uploads\/2026\/05\/mehari-4.jpeg\" class=\"attachment-full size-full wp-image-1478\" alt=\"\" srcset=\"https:\/\/eze-shuttle.com\/wp-content\/uploads\/2026\/05\/mehari-4.jpeg 1532w, https:\/\/eze-shuttle.com\/wp-content\/uploads\/2026\/05\/mehari-4-287x300.jpeg 287w, https:\/\/eze-shuttle.com\/wp-content\/uploads\/2026\/05\/mehari-4-980x1024.jpeg 980w, https:\/\/eze-shuttle.com\/wp-content\/uploads\/2026\/05\/mehari-4-768x802.jpeg 768w, https:\/\/eze-shuttle.com\/wp-content\/uploads\/2026\/05\/mehari-4-1471x1536.jpeg 1471w, https:\/\/eze-shuttle.com\/wp-content\/uploads\/2026\/05\/mehari-4-11x12.jpeg 11w\" sizes=\"(max-width: 1532px) 100vw, 1532px\" \/>\t\t\t\t\t\t\t\t\t\t\t\t\t\t\t<\/div>\n\t\t\t\t<\/div>\n\t\t\t\t\t<\/div>\n\t\t<\/div>\n\t\t\t\t\t<\/div>\n\t\t<\/section>\n\t\t\t\t<\/div>","protected":false},"excerpt":{"rendered":"<p>Accueil 6\u20ac par personne et par trajet LA NAVETTE L&rsquo;Exp\u00e9rience Iconique d&rsquo;Eze en M\u00e9hari \u00c9lectrique. Une balade panoramique inoubliable avec arr\u00eat photo exclusif entre le Village et l&rsquo;Usine Fragonard. D\u00e9couvrir l&rsquo;exp\u00e9rience La vrai exp\u00e9rience La Balade &amp; Le Photo Stop Installez-vous \u00e0 bord de notre mythique M\u00e9hari 100% \u00e9lectrique pour une immersion de 10 \u00e0 [&hellip;]<\/p>\n","protected":false},"author":1,"featured_media":0,"parent":0,"menu_order":0,"comment_status":"closed","ping_status":"closed","template":"","meta":{"footnotes":""},"class_list":["post-1470","page","type-page","status-publish","hentry"],"_links":{"self":[{"href":"https:\/\/eze-shuttle.com\/ko\/wp-json\/wp\/v2\/pages\/1470","targetHints":{"allow":["GET"]}}],"collection":[{"href":"https:\/\/eze-shuttle.com\/ko\/wp-json\/wp\/v2\/pages"}],"about":[{"href":"https:\/\/eze-shuttle.com\/ko\/wp-json\/wp\/v2\/types\/page"}],"author":[{"embeddable":true,"href":"https:\/\/eze-shuttle.com\/ko\/wp-json\/wp\/v2\/users\/1"}],"replies":[{"embeddable":true,"href":"https:\/\/eze-shuttle.com\/ko\/wp-json\/wp\/v2\/comments?post=1470"}],"version-history":[{"count":47,"href":"https:\/\/eze-shuttle.com\/ko\/wp-json\/wp\/v2\/pages\/1470\/revisions"}],"predecessor-version":[{"id":1570,"href":"https:\/\/eze-shuttle.com\/ko\/wp-json\/wp\/v2\/pages\/1470\/revisions\/1570"}],"wp:attachment":[{"href":"https:\/\/eze-shuttle.com\/ko\/wp-json\/wp\/v2\/media?parent=1470"}],"curies":[{"name":"\uc6cc\ub4dc\ud504\ub808\uc2a4","href":"https:\/\/api.w.org\/{rel}","templated":true}]}}