{"id":140,"date":"2025-04-16T09:47:56","date_gmt":"2025-04-16T09:47:56","guid":{"rendered":"https:\/\/eze-shuttle.com\/?page_id=140"},"modified":"2025-06-19T05:55:59","modified_gmt":"2025-06-19T05:55:59","slug":"conditions-generales-de-vente","status":"publish","type":"page","link":"http:\/\/eze-shuttle.com\/fr\/conditions-generales-de-vente\/","title":{"rendered":"Conditions G\u00e9n\u00e9rales de Vente"},"content":{"rendered":"\t\t<div data-elementor-type=\"wp-page\" data-elementor-id=\"140\" class=\"elementor elementor-140\" data-elementor-post-type=\"page\">\n\t\t\t\t\t\t<section class=\"elementor-section elementor-top-section elementor-element elementor-element-499ce0f3 elementor-section-boxed elementor-section-height-default elementor-section-height-default\" data-id=\"499ce0f3\" data-element_type=\"section\" data-e-type=\"section\" data-settings=\"{&quot;background_background&quot;:&quot;classic&quot;,&quot;shape_divider_bottom&quot;:&quot;triangle&quot;,&quot;shape_divider_bottom_negative&quot;:&quot;yes&quot;}\">\n\t\t\t\t\t\t\t<div class=\"elementor-background-overlay\"><\/div>\n\t\t\t\t\t\t<div class=\"elementor-shape elementor-shape-bottom\" aria-hidden=\"true\" data-negative=\"true\">\n\t\t\t<svg xmlns=\"http:\/\/www.w3.org\/2000\/svg\" viewBox=\"0 0 1000 100\" preserveAspectRatio=\"none\">\n\t<path class=\"elementor-shape-fill\" d=\"M500.2,94.7L0,0v100h1000V0L500.2,94.7z\"\/>\n<\/svg>\t\t<\/div>\n\t\t\t\t\t<div class=\"elementor-container elementor-column-gap-no\">\n\t\t\t\t\t<div class=\"elementor-column elementor-col-100 elementor-top-column elementor-element elementor-element-3ff13ede\" data-id=\"3ff13ede\" data-element_type=\"column\" data-e-type=\"column\">\n\t\t\t<div class=\"elementor-widget-wrap elementor-element-populated\">\n\t\t\t\t\t\t<div class=\"elementor-element elementor-element-366dc423 elementor-icon-list--layout-inline elementor-align-center elementor-widget__width-auto elementor-list-item-link-full_width elementor-widget elementor-widget-icon-list\" data-id=\"366dc423\" data-element_type=\"widget\" data-e-type=\"widget\" data-widget_type=\"icon-list.default\">\n\t\t\t\t<div class=\"elementor-widget-container\">\n\t\t\t\t\t\t\t<ul class=\"elementor-icon-list-items elementor-inline-items\">\n\t\t\t\t\t\t\t<li class=\"elementor-icon-list-item elementor-inline-item\">\n\t\t\t\t\t\t\t\t\t\t\t<a href=\"https:\/\/eze-shuttle.com\/\">\n\n\t\t\t\t\t\t\t\t\t\t\t<span class=\"elementor-icon-list-text\">Accueil<\/span>\n\t\t\t\t\t\t\t\t\t\t\t<\/a>\n\t\t\t\t\t\t\t\t\t<\/li>\n\t\t\t\t\t\t\t\t<li class=\"elementor-icon-list-item elementor-inline-item\">\n\t\t\t\t\t\t\t\t\t\t\t<a href=\"#\">\n\n\t\t\t\t\t\t\t\t\t\t\t\t<span class=\"elementor-icon-list-icon\">\n\t\t\t\t\t\t\t<svg aria-hidden=\"true\" class=\"e-font-icon-svg e-fas-angle-right\" viewBox=\"0 0 256 512\" xmlns=\"http:\/\/www.w3.org\/2000\/svg\"><path d=\"M224.3 273l-136 136c-9.4 9.4-24.6 9.4-33.9 0l-22.6-22.6c-9.4-9.4-9.4-24.6 0-33.9l96.4-96.4-96.4-96.4c-9.4-9.4-9.4-24.6 0-33.9L54.3 103c9.4-9.4 24.6-9.4 33.9 0l136 136c9.5 9.4 9.5 24.6.1 34z\"><\/path><\/svg>\t\t\t\t\t\t<\/span>\n\t\t\t\t\t\t\t\t\t\t<span class=\"elementor-icon-list-text\"><\/span>\n\t\t\t\t\t\t\t\t\t\t\t<\/a>\n\t\t\t\t\t\t\t\t\t<\/li>\n\t\t\t\t\t\t<\/ul>\n\t\t\t\t\t\t<\/div>\n\t\t\t\t<\/div>\n\t\t\t\t\t<\/div>\n\t\t<\/div>\n\t\t\t\t\t<\/div>\n\t\t<\/section>\n\t\t\t\t<section class=\"elementor-section elementor-top-section elementor-element elementor-element-2db7a00a elementor-section-boxed elementor-section-height-default elementor-section-height-default\" data-id=\"2db7a00a\" data-element_type=\"section\" data-e-type=\"section\">\n\t\t\t\t\t\t<div class=\"elementor-container elementor-column-gap-no\">\n\t\t\t\t\t<div class=\"elementor-column elementor-col-100 elementor-top-column elementor-element elementor-element-3264eddd\" data-id=\"3264eddd\" data-element_type=\"column\" data-e-type=\"column\">\n\t\t\t<div class=\"elementor-widget-wrap elementor-element-populated\">\n\t\t\t\t\t\t<div class=\"elementor-element elementor-element-eadda4a elementor-widget__width-auto elementor-widget elementor-widget-heading\" data-id=\"eadda4a\" data-element_type=\"widget\" data-e-type=\"widget\" data-widget_type=\"heading.default\">\n\t\t\t\t<div class=\"elementor-widget-container\">\n\t\t\t\t\t<div class=\"elementor-heading-title elementor-size-default\">Derni\u00e8re mise \u00e0 jour : 03\/05\/2025<\/div>\t\t\t\t<\/div>\n\t\t\t\t<\/div>\n\t\t\t\t<div class=\"elementor-element elementor-element-3fbdd29d elementor-invisible elementor-widget elementor-widget-heading\" data-id=\"3fbdd29d\" data-element_type=\"widget\" data-e-type=\"widget\" data-settings=\"{&quot;_animation&quot;:&quot;fadeInDown&quot;}\" data-widget_type=\"heading.default\">\n\t\t\t\t<div class=\"elementor-widget-container\">\n\t\t\t\t\t<h2 class=\"elementor-heading-title elementor-size-default\">Conditions G\u00e9n\u00e9rales de Vente (CGV)<\/h2>\t\t\t\t<\/div>\n\t\t\t\t<\/div>\n\t\t\t\t<div class=\"elementor-element elementor-element-24c02746 elementor-widget-divider--view-line elementor-widget elementor-widget-divider\" data-id=\"24c02746\" data-element_type=\"widget\" data-e-type=\"widget\" data-widget_type=\"divider.default\">\n\t\t\t\t<div class=\"elementor-widget-container\">\n\t\t\t\t\t\t\t<div class=\"elementor-divider\">\n\t\t\t<span class=\"elementor-divider-separator\">\n\t\t\t\t\t\t<\/span>\n\t\t<\/div>\n\t\t\t\t\t\t<\/div>\n\t\t\t\t<\/div>\n\t\t\t\t<div class=\"elementor-element elementor-element-2b4f542 elementor-widget elementor-widget-heading\" data-id=\"2b4f542\" data-element_type=\"widget\" data-e-type=\"widget\" data-widget_type=\"heading.default\">\n\t\t\t\t<div class=\"elementor-widget-container\">\n\t\t\t\t\t<h2 class=\"elementor-heading-title elementor-size-default\">1. Objet des pr\u00e9sentes CGV<\/h2>\t\t\t\t<\/div>\n\t\t\t\t<\/div>\n\t\t\t\t<div class=\"elementor-element elementor-element-53c287e elementor-widget elementor-widget-text-editor\" data-id=\"53c287e\" data-element_type=\"widget\" data-e-type=\"widget\" data-widget_type=\"text-editor.default\">\n\t\t\t\t<div class=\"elementor-widget-container\">\n\t\t\t\t\t\t\t\t\t<p>Les pr\u00e9sentes Conditions G\u00e9n\u00e9rales de Vente (CGV) d\u00e9finissent le cadre de la vente des services de transport priv\u00e9 de passagers que vous propose la soci\u00e9t\u00e9 DRIVER PRESTIGE VTC RIVIERA (RCS Nice N\u00b0 933 782 468, nom commercial : Glam VTC Riviera &amp; A vos EZE). En tant que transporteur public routier autoris\u00e9 (licence N\u00b0 2025\/93\/0000558 d\u00e9livr\u00e9e par la DREAL PACA), nous assurons vos d\u00e9placements avec <strong>r\u00e9servation obligatoire<\/strong> via notre site internet <a href=\"https:\/\/eze-shuttle.com\">https:\/\/eze-shuttle.com<\/a>. La soci\u00e9t\u00e9 DRIVER PRESTIGE VTC RIVIERA est d\u00e9sign\u00e9e ci-apr\u00e8s par \u00ab le Prestataire \u00bb.<\/p>\t\t\t\t\t\t\t\t<\/div>\n\t\t\t\t<\/div>\n\t\t\t\t<div class=\"elementor-element elementor-element-493efa8 elementor-widget elementor-widget-heading\" data-id=\"493efa8\" data-element_type=\"widget\" data-e-type=\"widget\" data-widget_type=\"heading.default\">\n\t\t\t\t<div class=\"elementor-widget-container\">\n\t\t\t\t\t<h2 class=\"elementor-heading-title elementor-size-default\">2. Prestations propos\u00e9es<\/h2>\t\t\t\t<\/div>\n\t\t\t\t<\/div>\n\t\t\t\t<div class=\"elementor-element elementor-element-b7cfdcd elementor-widget elementor-widget-text-editor\" data-id=\"b7cfdcd\" data-element_type=\"widget\" data-e-type=\"widget\" data-widget_type=\"text-editor.default\">\n\t\t\t\t<div class=\"elementor-widget-container\">\n\t\t\t\t\t\t\t\t\t<p>Le Prestataire propose un service de navette de transport <strong>priv\u00e9<\/strong> \u00e0 destination ou en provenance d&rsquo;Eze Village et de la Gare SNCF d&rsquo;Eze-Bord-de-Mer. Ce service fonctionne \u00e0 des horaires compl\u00e9mentaires aux transports existants, avec des tarifs d\u00e9finis sur le site internet.<\/p>\t\t\t\t\t\t\t\t<\/div>\n\t\t\t\t<\/div>\n\t\t\t\t<div class=\"elementor-element elementor-element-4e32452 elementor-widget elementor-widget-heading\" data-id=\"4e32452\" data-element_type=\"widget\" data-e-type=\"widget\" data-widget_type=\"heading.default\">\n\t\t\t\t<div class=\"elementor-widget-container\">\n\t\t\t\t\t<h2 class=\"elementor-heading-title elementor-size-default\">3. R\u00e9servations obligatoire<\/h2>\t\t\t\t<\/div>\n\t\t\t\t<\/div>\n\t\t\t\t<div class=\"elementor-element elementor-element-a688c24 elementor-widget elementor-widget-text-editor\" data-id=\"a688c24\" data-element_type=\"widget\" data-e-type=\"widget\" data-widget_type=\"text-editor.default\">\n\t\t\t\t<div class=\"elementor-widget-container\">\n\t\t\t\t\t\t\t\t\t<ul><li class=\"\" data-start=\"887\" data-end=\"964\"><p class=\"\" data-start=\"889\" data-end=\"964\">Les r\u00e9servations s\u2019effectuent obligatoirement en ligne ou en scannant le QR code disponible, via le formulaire pr\u00e9vu \u00e0 cet effet.<\/p><\/li><li class=\"\" data-start=\"887\" data-end=\"964\"><p class=\"\" data-start=\"889\" data-end=\"964\">Les horaires sur nos communications sont fournis \u00e0 titre indicatif pour organiser la demande et optimiser la mutualisation des trajets.La navette \u00ab\u00a0A VOS EZE\u00a0\u00bb n&rsquo;est pas un service r\u00e9gulier. Elle se d\u00e9clenche et circule pour un cr\u00e9neau donn\u00e9 uniquement s&rsquo;il y a eu, au pr\u00e9alable,une r\u00e9servation confirm\u00e9e pour ce m\u00eame trajet.<\/p><\/li><li class=\"\" data-start=\"965\" data-end=\"1113\"><p class=\"\" data-start=\"967\" data-end=\"1113\">Le client re\u00e7oit une confirmation de sa r\u00e9servation par e-mail faisant office de facture, accompagn\u00e9e d\u2019un billet d\u00e9mat\u00e9rialis\u00e9 contenant un QR code \u00e0 pr\u00e9senter lors de la mont\u00e9e \u00e0 bord, afin que le chauffeur puisse le scaner.<\/p><\/li><li class=\"\" data-start=\"1114\" data-end=\"1166\"><p class=\"\" data-start=\"1116\" data-end=\"1166\">Toute commande vaut acceptation des pr\u00e9sentes CGV.<\/p><\/li><\/ul>\t\t\t\t\t\t\t\t<\/div>\n\t\t\t\t<\/div>\n\t\t\t\t<div class=\"elementor-element elementor-element-12884f6 elementor-widget elementor-widget-heading\" data-id=\"12884f6\" data-element_type=\"widget\" data-e-type=\"widget\" data-widget_type=\"heading.default\">\n\t\t\t\t<div class=\"elementor-widget-container\">\n\t\t\t\t\t<h2 class=\"elementor-heading-title elementor-size-default\">4. Tarifs<\/h2>\t\t\t\t<\/div>\n\t\t\t\t<\/div>\n\t\t\t\t<div class=\"elementor-element elementor-element-6e21b93 elementor-widget elementor-widget-text-editor\" data-id=\"6e21b93\" data-element_type=\"widget\" data-e-type=\"widget\" data-widget_type=\"text-editor.default\">\n\t\t\t\t<div class=\"elementor-widget-container\">\n\t\t\t\t\t\t\t\t\t<ul><li class=\"\" data-start=\"1192\" data-end=\"1262\"><p class=\"\" data-start=\"1194\" data-end=\"1262\">Les tarifs sont indiqu\u00e9s <strong data-start=\"1219\" data-end=\"1261\">en euros, toutes taxes comprises (TTC)<\/strong>.<\/p><\/li><li class=\"\" data-start=\"1263\" data-end=\"1365\"><p class=\"\" data-start=\"1265\" data-end=\"1365\">Le prix final est calcul\u00e9 en fonction du nombre de passagers et de leur cat\u00e9gorie (adulte \/ enfant).<\/p><\/li><li class=\"\" data-start=\"1366\" data-end=\"1524\"><p class=\"\" data-start=\"1368\" data-end=\"1524\">Le Prestataire se r\u00e9serve le droit de modifier ses prix \u00e0 tout moment, mais les services seront factur\u00e9s sur la base en vigueur au moment de la r\u00e9servation.<\/p><\/li><\/ul>\t\t\t\t\t\t\t\t<\/div>\n\t\t\t\t<\/div>\n\t\t\t\t<div class=\"elementor-element elementor-element-f9352b3 elementor-widget elementor-widget-heading\" data-id=\"f9352b3\" data-element_type=\"widget\" data-e-type=\"widget\" data-widget_type=\"heading.default\">\n\t\t\t\t<div class=\"elementor-widget-container\">\n\t\t\t\t\t<h2 class=\"elementor-heading-title elementor-size-default\">5. Paiement<\/h2>\t\t\t\t<\/div>\n\t\t\t\t<\/div>\n\t\t\t\t<div class=\"elementor-element elementor-element-0c40a4a elementor-widget elementor-widget-text-editor\" data-id=\"0c40a4a\" data-element_type=\"widget\" data-e-type=\"widget\" data-widget_type=\"text-editor.default\">\n\t\t\t\t<div class=\"elementor-widget-container\">\n\t\t\t\t\t\t\t\t\t<ul><li class=\"\" data-start=\"1552\" data-end=\"1630\"><p class=\"\" data-start=\"1554\" data-end=\"1630\">Le paiement s\u2019effectue <strong data-start=\"1577\" data-end=\"1600\">en ligne via Stripe<\/strong>, au moment de la r\u00e9servation.<\/p><\/li><li class=\"\" data-start=\"1631\" data-end=\"1690\"><p class=\"\" data-start=\"1633\" data-end=\"1690\">Toute r\u00e9servation non r\u00e9gl\u00e9e ne sera pas prise en compte.<\/p><\/li><\/ul>\t\t\t\t\t\t\t\t<\/div>\n\t\t\t\t<\/div>\n\t\t\t\t<div class=\"elementor-element elementor-element-ffaaab4 elementor-widget elementor-widget-heading\" data-id=\"ffaaab4\" data-element_type=\"widget\" data-e-type=\"widget\" data-widget_type=\"heading.default\">\n\t\t\t\t<div class=\"elementor-widget-container\">\n\t\t\t\t\t<h2 class=\"elementor-heading-title elementor-size-default\">6. Validit\u00e9 et Annulation des Billets<\/h2>\t\t\t\t<\/div>\n\t\t\t\t<\/div>\n\t\t\t\t<div class=\"elementor-element elementor-element-0f1091a elementor-widget elementor-widget-text-editor\" data-id=\"0f1091a\" data-element_type=\"widget\" data-e-type=\"widget\" data-widget_type=\"text-editor.default\">\n\t\t\t\t<div class=\"elementor-widget-container\">\n\t\t\t\t\t\t\t\t\t<ul><li class=\"\" data-start=\"1733\" data-end=\"1871\"><p class=\"\" data-start=\"1735\" data-end=\"1871\">Vos billets sont valables sans limite de temps. M\u00eame si vous avez rat\u00e9 votre jour et\/ou horaire de navette, vous pouvez prendre la suivante selon disponibilit\u00e9. Vous pouvez les utiliser quand vous le souhaitez, jusqu\u2019\u00e0 ce que le chauffeur les scanne. Attention : Les billets ne sont pas remboursables, sauf si les navettes sont annul\u00e9es pour des raisons de s\u00e9curit\u00e9 li\u00e9es aux conditions m\u00e9t\u00e9orologiques ou autres.<\/p><\/li><\/ul>\t\t\t\t\t\t\t\t<\/div>\n\t\t\t\t<\/div>\n\t\t\t\t<div class=\"elementor-element elementor-element-107219e elementor-widget elementor-widget-heading\" data-id=\"107219e\" data-element_type=\"widget\" data-e-type=\"widget\" data-widget_type=\"heading.default\">\n\t\t\t\t<div class=\"elementor-widget-container\">\n\t\t\t\t\t<h2 class=\"elementor-heading-title elementor-size-default\">7. Billet Collectif de Trajet<\/h2>\t\t\t\t<\/div>\n\t\t\t\t<\/div>\n\t\t\t\t<div class=\"elementor-element elementor-element-c7af6f4 elementor-widget elementor-widget-text-editor\" data-id=\"c7af6f4\" data-element_type=\"widget\" data-e-type=\"widget\" data-widget_type=\"text-editor.default\">\n\t\t\t\t<div class=\"elementor-widget-container\">\n\t\t\t\t\t\t\t\t\t<ul><li class=\"\" data-start=\"1733\" data-end=\"1871\"><p class=\"\" data-start=\"1735\" data-end=\"1871\">Conform\u00e9ment \u00e0 la r\u00e9glementation et pour l&rsquo;organisation interne du service de navette, un billet collectif num\u00e9rique est automatiquement g\u00e9n\u00e9r\u00e9 pour chaque trajet servant de justificatif administratif des r\u00e9servations effectu\u00e9es et nous permet aussi de centraliser et de v\u00e9rifier les r\u00e9servations des passagers.<\/p><\/li><\/ul>\t\t\t\t\t\t\t\t<\/div>\n\t\t\t\t<\/div>\n\t\t\t\t<div class=\"elementor-element elementor-element-83ed03a elementor-widget elementor-widget-heading\" data-id=\"83ed03a\" data-element_type=\"widget\" data-e-type=\"widget\" data-widget_type=\"heading.default\">\n\t\t\t\t<div class=\"elementor-widget-container\">\n\t\t\t\t\t<h2 class=\"elementor-heading-title elementor-size-default\">8. Responsabilit\u00e9s et Assurances<\/h2>\t\t\t\t<\/div>\n\t\t\t\t<\/div>\n\t\t\t\t<div class=\"elementor-element elementor-element-e967b43 elementor-widget elementor-widget-text-editor\" data-id=\"e967b43\" data-element_type=\"widget\" data-e-type=\"widget\" data-widget_type=\"text-editor.default\">\n\t\t\t\t<div class=\"elementor-widget-container\">\n\t\t\t\t\t\t\t\t\t<ul><li class=\"\" data-start=\"2112\" data-end=\"2193\"><p class=\"\" data-start=\"2114\" data-end=\"2193\"><strong>Engagement du Prestataire :<\/strong> Nous nous engageons \u00e0 fournir un service de transport ponctuel et s\u00e9curis\u00e9 dans la mesure du possible<\/p><\/li><li class=\"\" data-start=\"2194\" data-end=\"2326\"><p class=\"\" data-start=\"2196\" data-end=\"2326\"><strong>\u00c9v\u00e9nements Impr\u00e9vus :<\/strong> En cas de panne, intemp\u00e9ries, gr\u00e8ve ou autre \u00e9v\u00e9nement impr\u00e9vu, nous nous efforcerons de proposer une solution alternative (report, autre moyen de transport) ou un remboursement.<\/p><\/li><li class=\"\" data-start=\"2327\" data-end=\"2435\"><p class=\"\" data-start=\"2329\" data-end=\"2435\"><strong>Limitation de Responsabilit\u00e9 :<\/strong> Nous ne pouvons \u00eatre tenus responsables des retards ind\u00e9pendants de notre volont\u00e9, notamment ceux caus\u00e9s par la circulation ou d&rsquo;autres facteurs externes.<\/p><\/li><li class=\"\" data-start=\"2327\" data-end=\"2435\"><p class=\"\" data-start=\"2329\" data-end=\"2435\"><strong>Assurance :<\/strong> Driver Prestige VTC Riviera est assur\u00e9 aupr\u00e8s de BPCE IARD, conform\u00e9ment \u00e0 la r\u00e9glementation en vigueur.<\/p><\/li><\/ul>\t\t\t\t\t\t\t\t<\/div>\n\t\t\t\t<\/div>\n\t\t\t\t<div class=\"elementor-element elementor-element-1212ff4 elementor-widget elementor-widget-heading\" data-id=\"1212ff4\" data-element_type=\"widget\" data-e-type=\"widget\" data-widget_type=\"heading.default\">\n\t\t\t\t<div class=\"elementor-widget-container\">\n\t\t\t\t\t<h2 class=\"elementor-heading-title elementor-size-default\">9. Donn\u00e9es personnelles<\/h2>\t\t\t\t<\/div>\n\t\t\t\t<\/div>\n\t\t\t\t<div class=\"elementor-element elementor-element-a29d4f3 elementor-widget elementor-widget-text-editor\" data-id=\"a29d4f3\" data-element_type=\"widget\" data-e-type=\"widget\" data-widget_type=\"text-editor.default\">\n\t\t\t\t<div class=\"elementor-widget-container\">\n\t\t\t\t\t\t\t\t\t<ul><li class=\"\" data-start=\"2475\" data-end=\"2591\"><p class=\"\" data-start=\"2477\" data-end=\"2591\">Les donn\u00e9es personnelles collect\u00e9es lors de la r\u00e9servation sont utilis\u00e9es uniquement \u00e0 des fins de gestion client.<\/p><\/li><li class=\"\" data-start=\"2592\" data-end=\"2814\"><p class=\"\" data-start=\"2594\" data-end=\"2814\">Conform\u00e9ment au <strong data-start=\"2610\" data-end=\"2668\">R\u00e8glement G\u00e9n\u00e9ral sur la Protection des Donn\u00e9es (RGPD)<\/strong>, vous pouvez demander \u00e0 consulter, modifier ou supprimer vos donn\u00e9es personnelles \u00e0 tout moment en \u00e9crivant \u00e0 <strong data-start=\"2779\" data-end=\"2813\"><a href=\"mailto:glamvtcriviera@gmail.com\">glamvtcriviera@gmail.com<\/a><\/strong>.<\/p><\/li><\/ul>\t\t\t\t\t\t\t\t<\/div>\n\t\t\t\t<\/div>\n\t\t\t\t<div class=\"elementor-element elementor-element-bc74890 elementor-widget elementor-widget-heading\" data-id=\"bc74890\" data-element_type=\"widget\" data-e-type=\"widget\" data-widget_type=\"heading.default\">\n\t\t\t\t<div class=\"elementor-widget-container\">\n\t\t\t\t\t<h2 class=\"elementor-heading-title elementor-size-default\">10. Litiges<\/h2>\t\t\t\t<\/div>\n\t\t\t\t<\/div>\n\t\t\t\t<div class=\"elementor-element elementor-element-bce574d elementor-widget elementor-widget-text-editor\" data-id=\"bce574d\" data-element_type=\"widget\" data-e-type=\"widget\" data-widget_type=\"text-editor.default\">\n\t\t\t\t<div class=\"elementor-widget-container\">\n\t\t\t\t\t\t\t\t\t<ul><li class=\"\" data-start=\"2841\" data-end=\"2899\"><p class=\"\" data-start=\"2843\" data-end=\"2899\">En cas de litige, une solution amiable sera privil\u00e9gi\u00e9e.<\/p><\/li><li class=\"\" data-start=\"2900\" data-end=\"3012\"><p class=\"\" data-start=\"2902\" data-end=\"3012\">\u00c0 d\u00e9faut, les litiges seront port\u00e9s devant les tribunaux comp\u00e9tents du ressort du si\u00e8ge social du Prestataire.<\/p><\/li><\/ul>\t\t\t\t\t\t\t\t<\/div>\n\t\t\t\t<\/div>\n\t\t\t\t<div class=\"elementor-element elementor-element-77e8bf8 elementor-widget elementor-widget-heading\" data-id=\"77e8bf8\" data-element_type=\"widget\" data-e-type=\"widget\" data-widget_type=\"heading.default\">\n\t\t\t\t<div class=\"elementor-widget-container\">\n\t\t\t\t\t<h2 class=\"elementor-heading-title elementor-size-default\">11. Contact<\/h2>\t\t\t\t<\/div>\n\t\t\t\t<\/div>\n\t\t\t\t<div class=\"elementor-element elementor-element-9a6a41d elementor-widget elementor-widget-text-editor\" data-id=\"9a6a41d\" data-element_type=\"widget\" data-e-type=\"widget\" data-widget_type=\"text-editor.default\">\n\t\t\t\t<div class=\"elementor-widget-container\">\n\t\t\t\t\t\t\t\t\t<p class=\"\" data-start=\"3040\" data-end=\"3148\">Pour toute question ou demande d&rsquo;information, vous pouvez contacter le service client \u00e0 l\u2019adresse suivante :<\/p><p class=\"\" data-start=\"3150\" data-end=\"3202\"><a href=\"mailto:glamvtcriviera@gmail.com\">\ud83d\udce7 <strong>glamvtcriviera@gmail.com<\/strong><\/a><\/p>\t\t\t\t\t\t\t\t<\/div>\n\t\t\t\t<\/div>\n\t\t\t\t\t<\/div>\n\t\t<\/div>\n\t\t\t\t\t<\/div>\n\t\t<\/section>\n\t\t\t\t<\/div>\n\t\t","protected":false},"excerpt":{"rendered":"<p>Accueil Derni\u00e8re mise \u00e0 jour : 03\/05\/2025 Conditions G\u00e9n\u00e9rales de Vente (CGV) 1. Objet des pr\u00e9sentes CGV Les pr\u00e9sentes Conditions G\u00e9n\u00e9rales de Vente (CGV) d\u00e9finissent le cadre de la vente des services de transport priv\u00e9 de passagers que vous propose la soci\u00e9t\u00e9 DRIVER PRESTIGE VTC RIVIERA (RCS Nice N\u00b0 933 782 468, nom commercial : [&hellip;]<\/p>\n","protected":false},"author":1,"featured_media":0,"parent":0,"menu_order":0,"comment_status":"closed","ping_status":"closed","template":"elementor_header_footer","meta":{"footnotes":""},"class_list":["post-140","page","type-page","status-publish","hentry"],"_links":{"self":[{"href":"http:\/\/eze-shuttle.com\/fr\/wp-json\/wp\/v2\/pages\/140","targetHints":{"allow":["GET"]}}],"collection":[{"href":"http:\/\/eze-shuttle.com\/fr\/wp-json\/wp\/v2\/pages"}],"about":[{"href":"http:\/\/eze-shuttle.com\/fr\/wp-json\/wp\/v2\/types\/page"}],"author":[{"embeddable":true,"href":"http:\/\/eze-shuttle.com\/fr\/wp-json\/wp\/v2\/users\/1"}],"replies":[{"embeddable":true,"href":"http:\/\/eze-shuttle.com\/fr\/wp-json\/wp\/v2\/comments?post=140"}],"version-history":[{"count":76,"href":"http:\/\/eze-shuttle.com\/fr\/wp-json\/wp\/v2\/pages\/140\/revisions"}],"predecessor-version":[{"id":1190,"href":"http:\/\/eze-shuttle.com\/fr\/wp-json\/wp\/v2\/pages\/140\/revisions\/1190"}],"wp:attachment":[{"href":"http:\/\/eze-shuttle.com\/fr\/wp-json\/wp\/v2\/media?parent=140"}],"curies":[{"name":"wp","href":"https:\/\/api.w.org\/{rel}","templated":true}]}}